{"id":29443,"date":"2024-05-28T15:14:07","date_gmt":"2024-05-28T13:14:07","guid":{"rendered":"https:\/\/marc-waelti.com\/?page_id=29443"},"modified":"2025-05-20T18:49:34","modified_gmt":"2025-05-20T16:49:34","slug":"welcome","status":"publish","type":"page","link":"https:\/\/marc-waelti.com\/fr\/","title":{"rendered":"Welcome"},"content":{"rendered":"\n<div class=\"wp-block-group alignfull\"><div class=\"wp-block-group__inner-container is-layout-flow wp-block-group-is-layout-flow\">\n<h1 class=\"wp-block-heading alignwide\"><span style=\"background-color:rgba(0, 0, 0, 0);color:#d81b60\" class=\"has-inline-color\">*<\/span><span style=\"background-color:rgba(0, 0, 0, 0)\" class=\"has-inline-color has-black-color\">STRAT\u00c9GIE PRODUIT <\/span><span style=\"background-color:rgba(0, 0, 0, 0);color:#d81b60\" class=\"has-inline-color\">*<\/span><span style=\"background-color:rgba(0, 0, 0, 0)\" class=\"has-inline-color has-black-color\">VENTE <\/span><span style=\"background-color:rgba(0, 0, 0, 0);color:#d81b60\" class=\"has-inline-color\">*<\/span><span style=\"background-color:rgba(0, 0, 0, 0)\" class=\"has-inline-color has-black-color\">MARKETING<\/span><\/h1>\n\n\n\n<p class=\"tw-text-wide\">Manager exp\u00e9riment\u00e9, strat\u00e9gique et orient\u00e9 r\u00e9sultats, avec plus de 20 ans d\u2019exp\u00e9rience dans l\u2019industrie horlog\u00e8re, atteignant r\u00e9guli\u00e8rement des objectifs ambitieux. Apporte une vision cr\u00e9ative et innovante, soutenue par une combinaison unique d\u2019expertise technique issue d\u2019une formation d\u2019horloger et d\u2019un solide bagage acad\u00e9mique, avec un Master of Science en gestion d\u2019entreprise.<br><br>Fait preuve d\u2019un leadership affirm\u00e9 et d\u2019une exigence constante en mati\u00e8re d\u2019excellence op\u00e9rationnelle, associ\u00e9s \u00e0 de solides comp\u00e9tences analytiques et budg\u00e9taires.<br><br>A occup\u00e9 des postes cl\u00e9s chez TAG Heuer (LVMH) d\u00e8s 2013, notamment ceux de Directeur Produit et de Responsable des Ventes R\u00e9gionales, avec des r\u00e9sultats commerciaux remarquables et une croissance significative des parts de march\u00e9.<\/p>\n\n\n\n<p class=\"tw-text-wide\">Depuis 2020, pilote le marketing mondial de CORUM, une marque reconnue pour son audace cr\u00e9ative, avec la responsabilit\u00e9 compl\u00e8te de la strat\u00e9gie de marque, du positionnement et de la visibilit\u00e9 internationale.<\/p>\n\n\n\n<div class=\"wp-block-buttons alignwide tw-mt-8 is-layout-flex wp-block-buttons-is-layout-flex\">\n<div class=\"wp-block-button is-style-outline is-style-outline--1\"><a class=\"wp-block-button__link wp-element-button\" href=\"https:\/\/marc-waelti.com\/fr\/downlaod\/\">T\u00e9l\u00e9charger CV<\/a><\/div>\n\n\n\n<div class=\"wp-block-button\"><a class=\"wp-block-button__link wp-element-button\" href=\"https:\/\/marc-waelti.com\/fr\/contact-2\/\">Contact<\/a><\/div>\n<\/div>\n<\/div><\/div>\n\n\n\n<hr class=\"wp-block-separator has-css-opacity alignwide\"\/>\n\n\n\n<div class=\"wp-block-columns alignwide are-vertically-aligned-top is-layout-flex wp-container-core-columns-is-layout-28f84493 wp-block-columns-is-layout-flex\">\n<div style=\"--col-width:;\" class=\"wp-block-column is-vertically-aligned-top is-layout-flow wp-block-column-is-layout-flow\">\n<p class=\"has-text-align-center has-small-font-size tw-block-animation tw-animation-scale-in\"><strong>Adresse<\/strong><br><br>Impasse du Levant 1<br>CH-2114 Fleurier<\/p>\n<\/div>\n\n\n\n<div class=\"wp-block-column is-vertically-aligned-top is-layout-flow wp-block-column-is-layout-flow\">\n<p class=\"has-text-align-center has-small-font-size tw-block-animation tw-animation-scale-in\"><strong>R\u00e9seau<\/strong><br><br><a href=\"https:\/\/www.linkedin.com\/in\/marc-walti-40418410\/\" target=\"_blank\" rel=\"noreferrer noopener\">LinkedIn<\/a><\/p>\n<\/div>\n\n\n\n<div class=\"wp-block-column is-vertically-aligned-top is-layout-flow wp-block-column-is-layout-flow\">\n<p class=\"has-text-align-center has-small-font-size\"><strong>Contact<\/strong><\/p>\n\n\n\n<p class=\"has-text-align-center has-small-font-size\">+41 (0)79 607 59 22<br><a href=\"mailto:marc.walti@gmail.com\" target=\"_blank\" rel=\"noreferrer noopener\">marc.walti@gmail.com<\/a><\/p>\n<\/div>\n<\/div>\n","protected":false},"excerpt":{"rendered":"<p>*STRAT\u00c9GIE PRODUIT *VENTE *MARKETING Manager exp\u00e9riment\u00e9, strat\u00e9gique et orient\u00e9 r\u00e9sultats, avec plus de 20 ans d\u2019exp\u00e9rience dans l\u2019industrie horlog\u00e8re, atteignant r\u00e9guli\u00e8rement des objectifs ambitieux. Apporte une vision cr\u00e9ative et innovante, soutenue par une combinaison unique d\u2019expertise technique issue d\u2019une formation d\u2019horloger et d\u2019un solide bagage acad\u00e9mique, avec un Master of Science en gestion d\u2019entreprise. Fait&hellip; <a class=\"more-link\" href=\"https:\/\/marc-waelti.com\/fr\/\">Poursuivre la lecture <span class=\"screen-reader-text\">Welcome<\/span><\/a><\/p>\n","protected":false},"author":1,"featured_media":28987,"parent":0,"menu_order":0,"comment_status":"closed","ping_status":"closed","template":"tw-no-title.php","meta":{"footnotes":""},"class_list":["post-29443","page","type-page","status-publish","has-post-thumbnail","hentry","entry"],"translation":{"provider":"WPGlobus","version":"3.0.0","language":"fr","enabled_languages":["en","fr"],"languages":{"en":{"title":true,"content":true,"excerpt":false},"fr":{"title":false,"content":true,"excerpt":false}}},"jetpack_sharing_enabled":true,"_links":{"self":[{"href":"https:\/\/marc-waelti.com\/fr\/wp-json\/wp\/v2\/pages\/29443","targetHints":{"allow":["GET"]}}],"collection":[{"href":"https:\/\/marc-waelti.com\/fr\/wp-json\/wp\/v2\/pages"}],"about":[{"href":"https:\/\/marc-waelti.com\/fr\/wp-json\/wp\/v2\/types\/page"}],"author":[{"embeddable":true,"href":"https:\/\/marc-waelti.com\/fr\/wp-json\/wp\/v2\/users\/1"}],"replies":[{"embeddable":true,"href":"https:\/\/marc-waelti.com\/fr\/wp-json\/wp\/v2\/comments?post=29443"}],"version-history":[{"count":13,"href":"https:\/\/marc-waelti.com\/fr\/wp-json\/wp\/v2\/pages\/29443\/revisions"}],"predecessor-version":[{"id":29524,"href":"https:\/\/marc-waelti.com\/fr\/wp-json\/wp\/v2\/pages\/29443\/revisions\/29524"}],"wp:featuredmedia":[{"embeddable":true,"href":"https:\/\/marc-waelti.com\/fr\/wp-json\/wp\/v2\/media\/28987"}],"wp:attachment":[{"href":"https:\/\/marc-waelti.com\/fr\/wp-json\/wp\/v2\/media?parent=29443"}],"curies":[{"name":"wp","href":"https:\/\/api.w.org\/{rel}","templated":true}]}}