{"id":28973,"date":"2021-11-16T11:26:38","date_gmt":"2021-11-16T10:26:38","guid":{"rendered":"https:\/\/marc-waelti.com\/?page_id=28973"},"modified":"2025-05-20T19:13:14","modified_gmt":"2025-05-20T17:13:14","slug":"contact-2","status":"publish","type":"page","link":"https:\/\/marc-waelti.com\/fr\/contact-2\/","title":{"rendered":"Contact"},"content":{"rendered":"\n<h1 class=\"wp-block-heading alignwide\"><mark style=\"background-color:rgba(0, 0, 0, 0);color:#f31d75\" class=\"has-inline-color\">Bonjour.<\/mark> Parlons ensemble.<\/h1>\n\n\n\n<div class=\"wp-block-columns alignwide is-layout-flex wp-container-core-columns-is-layout-28f84493 wp-block-columns-is-layout-flex\">\n<div class=\"wp-block-column is-layout-flow wp-block-column-is-layout-flow\">\n<p>Si vous avez des questions ou si vous voulez simplement dire bonjour, n&rsquo;h\u00e9sitez pas \u00e0 me contacter. Je vous r\u00e9pondrai d\u00e8s que possible. Vous pouvez \u00e9galement me contacter sur mon compte LinkedIn.<\/p>\n\n\n\n<div class=\"wp-block-columns is-layout-flex wp-container-core-columns-is-layout-28f84493 wp-block-columns-is-layout-flex\">\n<div class=\"wp-block-column is-layout-flow wp-block-column-is-layout-flow\">\n<p class=\"has-h-3-font-size\">Marc W\u00e4lti<br>Impasse du Levant 1<br>CH-2114 Fleurier<\/p>\n\n\n\n<p class=\"has-h-3-font-size\"><a href=\"mailto:marc.walti@gmail.com\" target=\"_blank\" rel=\"noreferrer noopener\">marc.walti@gmail.com<\/a><\/p>\n\n\n\n<p class=\"has-h-3-font-size\">+41 (0)79 607 59 22<\/p>\n\n\n\n<p class=\"has-h-3-font-size\"><a href=\"https:\/\/www.linkedin.com\/in\/marc-walti-40418410\/\" target=\"_blank\" rel=\"noreferrer noopener\">LinkedIn<\/a><\/p>\n<\/div>\n<\/div>\n<\/div>\n<\/div>\n\n\n\n<p class=\"has-h-3-font-size\"><\/p>\n","protected":false},"excerpt":{"rendered":"<p>Bonjour. Parlons ensemble. Si vous avez des questions ou si vous voulez simplement dire bonjour, n&rsquo;h\u00e9sitez pas \u00e0 me contacter. Je vous r\u00e9pondrai d\u00e8s que possible. Vous pouvez \u00e9galement me contacter sur mon compte LinkedIn. Marc W\u00e4ltiImpasse du Levant 1CH-2114 Fleurier marc.walti@gmail.com +41 (0)79 607 59 22 LinkedIn<\/p>\n","protected":false},"author":1,"featured_media":0,"parent":0,"menu_order":0,"comment_status":"closed","ping_status":"closed","template":"tw-no-title.php","meta":{"footnotes":""},"class_list":["post-28973","page","type-page","status-publish","hentry","entry"],"translation":{"provider":"WPGlobus","version":"3.0.0","language":"fr","enabled_languages":["en","fr"],"languages":{"en":{"title":true,"content":true,"excerpt":false},"fr":{"title":true,"content":true,"excerpt":false}}},"jetpack_sharing_enabled":true,"_links":{"self":[{"href":"https:\/\/marc-waelti.com\/fr\/wp-json\/wp\/v2\/pages\/28973","targetHints":{"allow":["GET"]}}],"collection":[{"href":"https:\/\/marc-waelti.com\/fr\/wp-json\/wp\/v2\/pages"}],"about":[{"href":"https:\/\/marc-waelti.com\/fr\/wp-json\/wp\/v2\/types\/page"}],"author":[{"embeddable":true,"href":"https:\/\/marc-waelti.com\/fr\/wp-json\/wp\/v2\/users\/1"}],"replies":[{"embeddable":true,"href":"https:\/\/marc-waelti.com\/fr\/wp-json\/wp\/v2\/comments?post=28973"}],"version-history":[{"count":13,"href":"https:\/\/marc-waelti.com\/fr\/wp-json\/wp\/v2\/pages\/28973\/revisions"}],"predecessor-version":[{"id":29555,"href":"https:\/\/marc-waelti.com\/fr\/wp-json\/wp\/v2\/pages\/28973\/revisions\/29555"}],"wp:attachment":[{"href":"https:\/\/marc-waelti.com\/fr\/wp-json\/wp\/v2\/media?parent=28973"}],"curies":[{"name":"wp","href":"https:\/\/api.w.org\/{rel}","templated":true}]}}